{"id":56316,"date":"2025-03-05T14:00:16","date_gmt":"2025-03-05T13:00:16","guid":{"rendered":"https:\/\/www.asw24.de\/pl\/?page_id=56316"},"modified":"2025-03-14T13:35:58","modified_gmt":"2025-03-14T12:35:58","slug":"gpsr","status":"publish","type":"page","link":"https:\/\/www.asw24.de\/pl\/gpsr\/","title":{"rendered":"GPSR"},"content":{"rendered":"<h1><strong>Rozporz\u0105dzenie o og\u00f3lnym bezpiecze\u0144stwie produktu (GPSR)<\/strong><\/h1>\n<p>Zgodnie z\u00a0art. 9 (11) rozporz\u0105dzenia o og\u00f3lnym bezpiecze\u0144stwie produktu (UE 2023\/988) (GPSR) nasza firma jest zobowi\u0105zana do ustanowienia publicznie dost\u0119pnych kana\u0142\u00f3w komunikacji, aby umo\u017cliwi\u0107 konsumentom (zgodnie z\u00a0art. 3 (17)) sk\u0142adanie skarg i\u00a0raport\u00f3w dotycz\u0105cych wypadk\u00f3w lub problem\u00f3w zwi\u0105zanych z\u00a0bezpiecze\u0144stwem, kt\u00f3re wyst\u0105pi\u0142y w\u00a0zwi\u0105zku z\u00a0jednym z\u00a0naszych produkt\u00f3w.<\/p>\n<p>Je\u015bli chcia\u0142by\u015b z\u0142o\u017cy\u0107 skarg\u0119 lub przekaza\u0107 wiadomo\u015b\u0107 dotycz\u0105c\u0105 jednego z\u00a0naszych produkt\u00f3w, wy\u015blij nam e-mail, list lub skorzystaj z\u00a0naszego formularza kontaktowego.<\/p>\n<p>Zbadamy t\u0119 spraw\u0119. Prowadzimy wewn\u0119trzny rejestr z\u0142o\u017conych skarg i\u00a0wszelkich podj\u0119tych \u015brodk\u00f3w. W zwi\u0105zku z\u00a0Twoj\u0105 skarg\u0105 przechowujemy wy\u0142\u0105cznie te dane osobowe, kt\u00f3re s\u0105 nam niezb\u0119dne do rozpatrzenia skargi. Dane b\u0119d\u0105 przechowywane tak d\u0142ugo, jak b\u0119dzie to konieczne do przeprowadzenia kontroli, ale nie d\u0142u\u017cej ni\u017c przez 5 lat od momentu wprowadzenia stosownych danych.<\/p>\n<p>Wi\u0119cej informacji na temat przechowywania danych znajdziesz w\u00a0polityce prywatno\u015bci.<\/p>\n<p><strong>Osoba do kontaktu:<br \/>\n<\/strong><\/p>\n<p><img decoding=\"async\" class=\"alignnone wp-image-31352 size-thumbnail\" src=\"https:\/\/www.asw24.de\/wp-content\/uploads\/sites\/4\/2023\/11\/W.Sondermann-7626-150x150.jpg\" alt=\"\" width=\"150\" height=\"150\" srcset=\"https:\/\/www.asw24.de\/wp-content\/uploads\/sites\/4\/2023\/11\/W.Sondermann-7626-150x150.jpg 150w, https:\/\/www.asw24.de\/wp-content\/uploads\/sites\/4\/2023\/11\/W.Sondermann-7626-300x300.jpg 300w, https:\/\/www.asw24.de\/wp-content\/uploads\/sites\/4\/2023\/11\/W.Sondermann-7626-1024x1024.jpg 1024w, https:\/\/www.asw24.de\/wp-content\/uploads\/sites\/4\/2023\/11\/W.Sondermann-7626-768x768.jpg 768w, https:\/\/www.asw24.de\/wp-content\/uploads\/sites\/4\/2023\/11\/W.Sondermann-7626-1536x1536.jpg 1536w, https:\/\/www.asw24.de\/wp-content\/uploads\/sites\/4\/2023\/11\/W.Sondermann-7626-360x360.jpg 360w, https:\/\/www.asw24.de\/wp-content\/uploads\/sites\/4\/2023\/11\/W.Sondermann-7626-1200x1200.jpg 1200w, https:\/\/www.asw24.de\/wp-content\/uploads\/sites\/4\/2023\/11\/W.Sondermann-7626.jpg 1772w\" sizes=\"(max-width: 150px) 100vw, 150px\" \/><\/p>\n<p>Pan Stefan Schmidt<\/p>\n<p><strong>Poczta tradycyjna:<\/strong><br \/>\nAdolf Schmidt Metallwaren- und<br \/>\nHolzschraubenfabrik GmbH<br \/>\nPan Stefan Schmidt<br \/>\nEssener Stra\u00dfe 39<br \/>\n42327 Wuppertal<\/p>\n<p><strong>Poczta elektroniczna:<\/strong><br \/>\n<a href=\"mailto:info@asw24.de\">info@asw24.de<\/a><\/p>\n<p><strong>Osobi\u015bcie:<\/strong><br \/>\nProsimy o wcze\u015bniejsze ustalenie terminu spotkania z panem Stefanem Schmidtem \u2013 drog\u0105 mailow\u0105 <a href=\"mailto:info@asw24.de\">info@asw24.de<\/a> lub telefonicznie 0202-69518-0.<\/p>\n<p><strong>Formularz kontaktowy:<\/strong><\/p>\n<p>Z\u0142\u00f3\u017c skarg\u0119: Wpisz w odpowiednich polach sw\u0105 wiadomo\u015b\u0107 i preferowan\u0105 drog\u0119 kontaktu. Kliknij przycisk \u201eWy\u015blij\u201d. Wkr\u00f3tce otrzymasz od nas potwierdzenie otrzymania Twojej wiadomo\u015bci (dalsze terminy: patrz \u201e<strong><a href=\"https:\/\/www.asw24.de\/wp-content\/uploads\/sites\/4\/2023\/11\/Grundsatzerklaerung_ASW_pl.pdf\" target=\"_blank\" rel=\"noopener\">Regulamin procedury skargowej<\/a><\/strong>\u201d).<\/p>\n\n<div class=\"wpcf7 no-js\" id=\"wpcf7-f32944-o1\" lang=\"pl-PL\" dir=\"ltr\" data-wpcf7-id=\"32944\">\n<div class=\"screen-reader-response\"><p role=\"status\" aria-live=\"polite\" aria-atomic=\"true\"><\/p> <ul><\/ul><\/div>\n<form action=\"\/pl\/wp-json\/wp\/v2\/pages\/56316#wpcf7-f32944-o1\" method=\"post\" class=\"wpcf7-form init\" aria-label=\"Formularz kontaktowy\" novalidate=\"novalidate\" data-status=\"init\">\n<div style=\"display: none;\">\n<input type=\"hidden\" name=\"_wpcf7\" value=\"32944\" \/>\n<input type=\"hidden\" name=\"_wpcf7_version\" value=\"6.0.5\" \/>\n<input type=\"hidden\" name=\"_wpcf7_locale\" value=\"pl_PL\" \/>\n<input type=\"hidden\" name=\"_wpcf7_unit_tag\" value=\"wpcf7-f32944-o1\" \/>\n<input type=\"hidden\" name=\"_wpcf7_container_post\" value=\"0\" \/>\n<input type=\"hidden\" name=\"_wpcf7_posted_data_hash\" value=\"\" \/>\n<\/div>\n<p>Wi\u0119cej informacji na temat sposobu przechowywania danych znajdziesz w <a target=\"_blank\" href=\"\/pl\/polityka-prywatnosci\/\">Polityce Prywatno\u015bci<\/a>.\n<\/p>\n<p><label><span class=\"form-label\">Twoje imi\u0119<\/span><br \/>\n<span class=\"wpcf7-form-control-wrap\" data-name=\"your-name\"><input size=\"40\" maxlength=\"400\" class=\"wpcf7-form-control wpcf7-text\" aria-invalid=\"false\" value=\"\" type=\"text\" name=\"your-name\" \/><\/span> <\/label>\n<\/p>\n<p><label><span class=\"form-label\">Poczt\u0105 elektroniczn\u0105<\/span><br \/>\n<span class=\"wpcf7-form-control-wrap\" data-name=\"your-email\"><input size=\"40\" maxlength=\"400\" class=\"wpcf7-form-control wpcf7-email wpcf7-text wpcf7-validates-as-email\" aria-invalid=\"false\" value=\"\" type=\"email\" name=\"your-email\" \/><\/span> <\/label>\n<\/p>\n<p><label><span class=\"form-label\">Telefoniczny<\/span><br \/>\n<span class=\"wpcf7-form-control-wrap\" data-name=\"your-phone-number\"><input size=\"40\" maxlength=\"400\" class=\"wpcf7-form-control wpcf7-tel wpcf7-text wpcf7-validates-as-tel\" aria-invalid=\"false\" value=\"\" type=\"tel\" name=\"your-phone-number\" \/><\/span> <\/label>\n<\/p>\n<p><label><span class=\"form-label\">Poczta tradycyjna<\/span><br \/>\n<span class=\"wpcf7-form-control-wrap\" data-name=\"your-address\"><input size=\"40\" maxlength=\"400\" class=\"wpcf7-form-control wpcf7-text\" aria-invalid=\"false\" value=\"\" type=\"text\" name=\"your-address\" \/><\/span> <\/label>\n<\/p>\n<p><label><span class=\"form-label\">Twoja wiadomo\u015bci*<\/span><br \/>\n<span class=\"wpcf7-form-control-wrap\" data-name=\"your-message\"><textarea cols=\"40\" rows=\"10\" maxlength=\"2000\" class=\"wpcf7-form-control wpcf7-textarea wpcf7-validates-as-required\" aria-required=\"true\" aria-invalid=\"false\" name=\"your-message\"><\/textarea><\/span> <\/label>\n<\/p>\n<p><label><span class=\"form-label\">Prosz\u0119 o kontakt*<\/span><\/label><span class=\"wpcf7-form-control-wrap\" data-name=\"contact-info\"><span class=\"wpcf7-form-control wpcf7-checkbox wpcf7-validates-as-required\"><span class=\"wpcf7-list-item first\"><label><input type=\"checkbox\" name=\"contact-info[]\" value=\"Poczt\u0105 elektroniczn\u0105\" \/><span class=\"wpcf7-list-item-label\">Poczt\u0105 elektroniczn\u0105<\/span><\/label><\/span><span class=\"wpcf7-list-item\"><label><input type=\"checkbox\" name=\"contact-info[]\" value=\"Telefoniczny\" \/><span class=\"wpcf7-list-item-label\">Telefoniczny<\/span><\/label><\/span><span class=\"wpcf7-list-item last\"><label><input type=\"checkbox\" name=\"contact-info[]\" value=\"Poczt\u0105 tradycyjn\u0105\" \/><span class=\"wpcf7-list-item-label\">Poczt\u0105 tradycyjn\u0105<\/span><\/label><\/span><\/span><\/span>\n<\/p>\n<p><label>*Powoduj\u0105cy obowi\u0105zek<\/label>\n<\/p>\n<p><span id=\"wpcf7-6a0a255bf3fe5-wrapper\" class=\"wpcf7-form-control-wrap text-203-wrap\" style=\"display:none !important; visibility:hidden !important;\"><input type=\"hidden\" name=\"text-203-time-start\" value=\"1779049819\"><input type=\"hidden\" name=\"text-203-time-check\" value=\"4\"><label for=\"wpcf7-6a0a255bf3fe5-field\" class=\"hp-message\">Please leave this field empty.<\/label><input id=\"wpcf7-6a0a255bf3fe5-field\"  class=\"wpcf7-form-control wpcf7-text\" type=\"text\" name=\"text-203\" value=\"\" size=\"40\" tabindex=\"-1\" autocomplete=\"new-password\" \/><\/span>\n<\/p>\n<p><span class=\"wpcf7-form-control-wrap\" data-name=\"text-516\"><label><span class=\"wpcf7-quiz-label\">What is 1 x 5?<\/span> <input size=\"40\" class=\"wpcf7-form-control wpcf7-quiz\" autocomplete=\"off\" aria-required=\"true\" aria-invalid=\"false\" type=\"text\" name=\"text-516\" \/><\/label><input type=\"hidden\" name=\"_wpcf7_quiz_answer_text-516\" value=\"f9814275280ee98db6d4eb40487c4947\" \/><\/span>\n<\/p>\n<p><input class=\"wpcf7-form-control wpcf7-submit has-spinner\" type=\"submit\" value=\"Wy\u015blij\" \/>\n<\/p><div class=\"wpcf7-response-output\" aria-hidden=\"true\"><\/div>\n<\/form>\n<\/div>\n\n","protected":false},"excerpt":{"rendered":"<p>Rozporz\u0105dzenie o og\u00f3lnym bezpiecze\u0144stwie produktu (GPSR) Zgodnie z\u00a0art. 9 (11) rozporz\u0105dzenia o og\u00f3lnym bezpiecze\u0144stwie produktu (UE 2023\/988) (GPSR) nasza firma jest zobowi\u0105zana do ustanowienia publicznie dost\u0119pnych kana\u0142\u00f3w komunikacji, aby umo\u017cliwi\u0107 konsumentom (zgodnie z\u00a0art. 3 (17)) sk\u0142adanie skarg i\u00a0raport\u00f3w dotycz\u0105cych wypadk\u00f3w lub problem\u00f3w zwi\u0105zanych z\u00a0bezpiecze\u0144stwem, kt\u00f3re wyst\u0105pi\u0142y w\u00a0zwi\u0105zku z\u00a0jednym z\u00a0naszych produkt\u00f3w. Je\u015bli chcia\u0142by\u015b z\u0142o\u017cy\u0107 skarg\u0119 lub [&hellip;]<\/p>\n","protected":false},"author":1,"featured_media":0,"parent":0,"menu_order":15,"comment_status":"closed","ping_status":"closed","template":"","meta":{"_acf_changed":false,"footnotes":""},"class_list":["post-56316","page","type-page","status-publish","hentry"],"acf":[],"_links":{"self":[{"href":"https:\/\/www.asw24.de\/pl\/wp-json\/wp\/v2\/pages\/56316","targetHints":{"allow":["GET"]}}],"collection":[{"href":"https:\/\/www.asw24.de\/pl\/wp-json\/wp\/v2\/pages"}],"about":[{"href":"https:\/\/www.asw24.de\/pl\/wp-json\/wp\/v2\/types\/page"}],"author":[{"embeddable":true,"href":"https:\/\/www.asw24.de\/pl\/wp-json\/wp\/v2\/users\/1"}],"replies":[{"embeddable":true,"href":"https:\/\/www.asw24.de\/pl\/wp-json\/wp\/v2\/comments?post=56316"}],"version-history":[{"count":2,"href":"https:\/\/www.asw24.de\/pl\/wp-json\/wp\/v2\/pages\/56316\/revisions"}],"predecessor-version":[{"id":56759,"href":"https:\/\/www.asw24.de\/pl\/wp-json\/wp\/v2\/pages\/56316\/revisions\/56759"}],"wp:attachment":[{"href":"https:\/\/www.asw24.de\/pl\/wp-json\/wp\/v2\/media?parent=56316"}],"curies":[{"name":"wp","href":"https:\/\/api.w.org\/{rel}","templated":true}]}}