{"id":42,"date":"2023-08-16T14:16:34","date_gmt":"2023-08-16T12:16:34","guid":{"rendered":"https:\/\/www.asw24.de\/wp\/?page_id=42"},"modified":"2023-11-13T13:18:04","modified_gmt":"2023-11-13T12:18:04","slug":"stopka-redakcyjna","status":"publish","type":"page","link":"https:\/\/www.asw24.de\/pl\/stopka-redakcyjna\/","title":{"rendered":"Stopka redakcyjna"},"content":{"rendered":"<h1>Impressum<\/h1>\n<p>Adolf Schmidt Metallwaren- und<br \/>\nHolzschraubenfabrik GmbH<br \/>\nEssener Stra\u00dfe 39<br \/>\n42327 Wuppertal<\/p>\n<p>Telefon 02 02-69518-0<br \/>\nTelefax 02 02-69518-20<br \/>\nE-mail: info@asw24.de<\/p>\n<p>Siedziba sp\u00f3\u0142ki: Wuppertal<br \/>\nDyrektor zarz\u0105dzaj\u0105cy: Hans Schmidt und Stefan Schmidt<br \/>\nS\u0105d rejestrowy: Wuppertal<br \/>\nNumer rejestracji: HRB 9898<\/p>\n<p>UST-Ident.-Nr.: DE812823080<\/p>\n<p>Zrzeczenie si\u0119 odpowiedzialno\u015bci &#8211; disclaimer:<br \/>\nFirma Adolf Schmidt Metallwaren- und Holzschraubenfabrik GmbH nie odpowiada za tre\u015bci zlinkowanych portali zewn\u0119trznych. Za tre\u015b\u0107 zlinkowanych stron internetowych odpowiada wy\u0142\u0105cznie jej w\u0142a\u015bciciel.<\/p>\n","protected":false},"excerpt":{"rendered":"<p>Impressum Adolf Schmidt Metallwaren- und Holzschraubenfabrik GmbH Essener Stra\u00dfe 39 42327 Wuppertal Telefon 02 02-69518-0 Telefax 02 02-69518-20 E-mail: info@asw24.de Siedziba sp\u00f3\u0142ki: Wuppertal Dyrektor zarz\u0105dzaj\u0105cy: Hans Schmidt und Stefan Schmidt S\u0105d rejestrowy: Wuppertal Numer rejestracji: HRB 9898 UST-Ident.-Nr.: DE812823080 Zrzeczenie si\u0119 odpowiedzialno\u015bci &#8211; disclaimer: Firma Adolf Schmidt Metallwaren- und Holzschraubenfabrik GmbH nie odpowiada za tre\u015bci [&hellip;]<\/p>\n","protected":false},"author":1,"featured_media":0,"parent":0,"menu_order":8,"comment_status":"closed","ping_status":"closed","template":"","meta":{"_acf_changed":false,"footnotes":""},"class_list":["post-42","page","type-page","status-publish","hentry"],"acf":[],"_links":{"self":[{"href":"https:\/\/www.asw24.de\/pl\/wp-json\/wp\/v2\/pages\/42","targetHints":{"allow":["GET"]}}],"collection":[{"href":"https:\/\/www.asw24.de\/pl\/wp-json\/wp\/v2\/pages"}],"about":[{"href":"https:\/\/www.asw24.de\/pl\/wp-json\/wp\/v2\/types\/page"}],"author":[{"embeddable":true,"href":"https:\/\/www.asw24.de\/pl\/wp-json\/wp\/v2\/users\/1"}],"replies":[{"embeddable":true,"href":"https:\/\/www.asw24.de\/pl\/wp-json\/wp\/v2\/comments?post=42"}],"version-history":[{"count":2,"href":"https:\/\/www.asw24.de\/pl\/wp-json\/wp\/v2\/pages\/42\/revisions"}],"predecessor-version":[{"id":31329,"href":"https:\/\/www.asw24.de\/pl\/wp-json\/wp\/v2\/pages\/42\/revisions\/31329"}],"wp:attachment":[{"href":"https:\/\/www.asw24.de\/pl\/wp-json\/wp\/v2\/media?parent=42"}],"curies":[{"name":"wp","href":"https:\/\/api.w.org\/{rel}","templated":true}]}}