{"id":30844,"date":"2023-10-16T15:53:07","date_gmt":"2023-10-16T13:53:07","guid":{"rendered":"https:\/\/www.asw24.de\/?page_id=30844"},"modified":"2024-02-14T15:37:12","modified_gmt":"2024-02-14T14:37:12","slug":"lksg","status":"publish","type":"page","link":"https:\/\/www.asw24.de\/pl\/lksg\/","title":{"rendered":"LkSG"},"content":{"rendered":"<h1>Ustawa o zachowaniu nale\u017cytej staranno\u015bci w \u0142a\u0144cuchach dostaw (Lieferkettensorgfaltspflichtengesetz, w skr\u00f3cie LkSG)<\/h1>\n<p>My, firma Adolf Schmidt Metallwaren- und Holzschraubenfabrik GmbH z\u00a0Wuppertal, postanowili\u015bmy, w\u00a0oparciu o wymogi ustawy o \u0142a\u0144cuchach dostaw, wyda\u0107 dobrowolne\u00a0<a href=\"https:\/\/www.asw24.de\/wp-content\/uploads\/sites\/4\/2023\/11\/Verfahrensordnung_ASW_pl.pdf\" target=\"_blank\" rel=\"noopener\">O\u015bwiadczenie<\/a> w sprawie naszych dzia\u0142a\u0144 w zakresie praw cz\u0142owieka i ochrony \u015brodowiska naturalnego.<\/p>\n<p>Poniewa\u017c jeste\u015bmy firm\u0105 zatrudniaj\u0105c\u0105 poni\u017cej 100 pracownik\u00f3w, ustawa o \u0142a\u0144cuchach dostaw nas nie dotyczy. Obowi\u0105zuje ona od 1 stycznia 2023 roku firmy, kt\u00f3rych liczba pracownik\u00f3w przekracza 3000. Jednak ASW zawsze by\u0142o i\u00a0jest przedsi\u0119biorstwem zarz\u0105dzanym w\u00a0duchu odpowiedzialno\u015bci ekologicznej i\u00a0spo\u0142ecznej. Dlatego ju\u017c dzi\u015b podejmujemy dzia\u0142ania, by dochowa\u0107 w\u00a0tym zakresie nale\u017cytej staranno\u015bci.<\/p>\n<p>Priorytetem wszystkich naszych stara\u0144 jest zapobieganie naruszeniom praw cz\u0142owieka i\u00a0standard\u00f3w \u015brodowiskowych.<\/p>\n<p>Procedura skargowa dotyczy zg\u0142aszania ryzyk i narusze\u0144 praw cz\u0142owieka oraz standard\u00f3w \u015brodowiskowych powodowanych przez dzia\u0142alno\u015b\u0107 gospodarcz\u0105 \u2013 nasz\u0105 lub naszych dostawc\u00f3w. Osoby dotkni\u0119te skutkami naruszenia mog\u0105 zg\u0142asza\u0107 nam domniemane przypadki narusze\u0144, \u017c\u0105daj\u0105c pomocy\/wyja\u015bnienia <strong>-&gt; <a href=\"https:\/\/www.asw24.de\/wp-content\/uploads\/sites\/4\/2023\/11\/Grundsatzerklaerung_ASW_pl.pdf\" target=\"_blank\" rel=\"noopener\">Regulamin procedury skargowej<\/a><\/strong><\/p>\n<p><strong>Osoba do kontaktu:<br \/>\n<\/strong><\/p>\n<p><img decoding=\"async\" class=\"alignnone wp-image-31352 size-thumbnail\" src=\"https:\/\/www.asw24.de\/wp-content\/uploads\/sites\/4\/2023\/11\/W.Sondermann-7626-150x150.jpg\" alt=\"\" width=\"150\" height=\"150\" srcset=\"https:\/\/www.asw24.de\/wp-content\/uploads\/sites\/4\/2023\/11\/W.Sondermann-7626-150x150.jpg 150w, https:\/\/www.asw24.de\/wp-content\/uploads\/sites\/4\/2023\/11\/W.Sondermann-7626-300x300.jpg 300w, https:\/\/www.asw24.de\/wp-content\/uploads\/sites\/4\/2023\/11\/W.Sondermann-7626-1024x1024.jpg 1024w, https:\/\/www.asw24.de\/wp-content\/uploads\/sites\/4\/2023\/11\/W.Sondermann-7626-768x768.jpg 768w, https:\/\/www.asw24.de\/wp-content\/uploads\/sites\/4\/2023\/11\/W.Sondermann-7626-1536x1536.jpg 1536w, https:\/\/www.asw24.de\/wp-content\/uploads\/sites\/4\/2023\/11\/W.Sondermann-7626-360x360.jpg 360w, https:\/\/www.asw24.de\/wp-content\/uploads\/sites\/4\/2023\/11\/W.Sondermann-7626-1200x1200.jpg 1200w, https:\/\/www.asw24.de\/wp-content\/uploads\/sites\/4\/2023\/11\/W.Sondermann-7626.jpg 1772w\" sizes=\"(max-width: 150px) 100vw, 150px\" \/><\/p>\n<p>Osob\u0105 do kontaktu w sprawach LKSG jest pan Stefan Schmidt. Jest on odpowiedzialny za za\u0142atwianie spraw zwi\u0105zanych z ryzykami i naruszeniami praw cz\u0142owieka, prawa pracy i standard\u00f3w \u015brodowiskowych. Aby procedura by\u0142a dost\u0119pna dla wszystkich, udost\u0119pniamy kilka r\u00f3\u017cnych sposob\u00f3w sk\u0142adania skarg: (skarg\u0119 mo\u017cna z\u0142o\u017cy\u0107 pod w\u0142asnym nazwiskiem lub anonimowo)<\/p>\n<p><strong>Poczta tradycyjna:<\/strong><br \/>\nAdolf Schmidt Metallwaren- und<br \/>\nHolzschraubenfabrik GmbH<br \/>\nPan Stefan Schmidt<br \/>\nEssener Stra\u00dfe 39<br \/>\n42327 Wuppertal<\/p>\n<p><strong>Poczta elektroniczna:<\/strong><br \/>\n<a href=\"mailto:lksg@asw24.de\">lksg@asw24.de<\/a><\/p>\n<p><strong>Osobi\u015bcie:<\/strong><br \/>\nProsimy o wcze\u015bniejsze ustalenie terminu spotkania z panem Stefanem Schmidtem \u2013 drog\u0105 mailow\u0105 <a href=\"mailto:lksg@asw24.de\">lksg@asw24.de<\/a> lub telefonicznie 0202-69518-0.<\/p>\n<p><strong>Formularz kontaktowy:<\/strong><\/p>\n<p>Z\u0142\u00f3\u017c skarg\u0119: Wpisz w odpowiednich polach sw\u0105 wiadomo\u015b\u0107 i preferowan\u0105 drog\u0119 kontaktu. Kliknij przycisk \u201eWy\u015blij\u201d. Wkr\u00f3tce otrzymasz od nas potwierdzenie otrzymania Twojej wiadomo\u015bci (dalsze terminy: patrz \u201e<strong><a href=\"https:\/\/www.asw24.de\/wp-content\/uploads\/sites\/4\/2023\/11\/Grundsatzerklaerung_ASW_pl.pdf\" target=\"_blank\" rel=\"noopener\">Regulamin procedury skargowej<\/a><\/strong>\u201d).<\/p>\n\n<div class=\"wpcf7 no-js\" id=\"wpcf7-f32944-o1\" lang=\"pl-PL\" dir=\"ltr\" data-wpcf7-id=\"32944\">\n<div class=\"screen-reader-response\"><p role=\"status\" aria-live=\"polite\" aria-atomic=\"true\"><\/p> <ul><\/ul><\/div>\n<form action=\"\/pl\/wp-json\/wp\/v2\/pages\/30844#wpcf7-f32944-o1\" method=\"post\" class=\"wpcf7-form init\" aria-label=\"Formularz kontaktowy\" novalidate=\"novalidate\" data-status=\"init\">\n<div style=\"display: none;\">\n<input type=\"hidden\" name=\"_wpcf7\" value=\"32944\" \/>\n<input type=\"hidden\" name=\"_wpcf7_version\" value=\"6.0.5\" \/>\n<input type=\"hidden\" name=\"_wpcf7_locale\" value=\"pl_PL\" \/>\n<input type=\"hidden\" name=\"_wpcf7_unit_tag\" value=\"wpcf7-f32944-o1\" \/>\n<input type=\"hidden\" name=\"_wpcf7_container_post\" value=\"0\" \/>\n<input type=\"hidden\" name=\"_wpcf7_posted_data_hash\" value=\"\" \/>\n<\/div>\n<p>Wi\u0119cej informacji na temat sposobu przechowywania danych znajdziesz w <a target=\"_blank\" href=\"\/pl\/polityka-prywatnosci\/\">Polityce Prywatno\u015bci<\/a>.\n<\/p>\n<p><label><span class=\"form-label\">Twoje imi\u0119<\/span><br \/>\n<span class=\"wpcf7-form-control-wrap\" data-name=\"your-name\"><input size=\"40\" maxlength=\"400\" class=\"wpcf7-form-control wpcf7-text\" aria-invalid=\"false\" value=\"\" type=\"text\" name=\"your-name\" \/><\/span> <\/label>\n<\/p>\n<p><label><span class=\"form-label\">Poczt\u0105 elektroniczn\u0105<\/span><br \/>\n<span class=\"wpcf7-form-control-wrap\" data-name=\"your-email\"><input size=\"40\" maxlength=\"400\" class=\"wpcf7-form-control wpcf7-email wpcf7-text wpcf7-validates-as-email\" aria-invalid=\"false\" value=\"\" type=\"email\" name=\"your-email\" \/><\/span> <\/label>\n<\/p>\n<p><label><span class=\"form-label\">Telefoniczny<\/span><br \/>\n<span class=\"wpcf7-form-control-wrap\" data-name=\"your-phone-number\"><input size=\"40\" maxlength=\"400\" class=\"wpcf7-form-control wpcf7-tel wpcf7-text wpcf7-validates-as-tel\" aria-invalid=\"false\" value=\"\" type=\"tel\" name=\"your-phone-number\" \/><\/span> <\/label>\n<\/p>\n<p><label><span class=\"form-label\">Poczta tradycyjna<\/span><br \/>\n<span class=\"wpcf7-form-control-wrap\" data-name=\"your-address\"><input size=\"40\" maxlength=\"400\" class=\"wpcf7-form-control wpcf7-text\" aria-invalid=\"false\" value=\"\" type=\"text\" name=\"your-address\" \/><\/span> <\/label>\n<\/p>\n<p><label><span class=\"form-label\">Twoja wiadomo\u015bci*<\/span><br \/>\n<span class=\"wpcf7-form-control-wrap\" data-name=\"your-message\"><textarea cols=\"40\" rows=\"10\" maxlength=\"2000\" class=\"wpcf7-form-control wpcf7-textarea wpcf7-validates-as-required\" aria-required=\"true\" aria-invalid=\"false\" name=\"your-message\"><\/textarea><\/span> <\/label>\n<\/p>\n<p><label><span class=\"form-label\">Prosz\u0119 o kontakt*<\/span><\/label><span class=\"wpcf7-form-control-wrap\" data-name=\"contact-info\"><span class=\"wpcf7-form-control wpcf7-checkbox wpcf7-validates-as-required\"><span class=\"wpcf7-list-item first\"><label><input type=\"checkbox\" name=\"contact-info[]\" value=\"Poczt\u0105 elektroniczn\u0105\" \/><span class=\"wpcf7-list-item-label\">Poczt\u0105 elektroniczn\u0105<\/span><\/label><\/span><span class=\"wpcf7-list-item\"><label><input type=\"checkbox\" name=\"contact-info[]\" value=\"Telefoniczny\" \/><span class=\"wpcf7-list-item-label\">Telefoniczny<\/span><\/label><\/span><span class=\"wpcf7-list-item last\"><label><input type=\"checkbox\" name=\"contact-info[]\" value=\"Poczt\u0105 tradycyjn\u0105\" \/><span class=\"wpcf7-list-item-label\">Poczt\u0105 tradycyjn\u0105<\/span><\/label><\/span><\/span><\/span>\n<\/p>\n<p><label>*Powoduj\u0105cy obowi\u0105zek<\/label>\n<\/p>\n<p><span id=\"wpcf7-6a094ec01f5d4-wrapper\" class=\"wpcf7-form-control-wrap text-203-wrap\" style=\"display:none !important; visibility:hidden !important;\"><input type=\"hidden\" name=\"text-203-time-start\" value=\"1778994880\"><input type=\"hidden\" name=\"text-203-time-check\" value=\"4\"><label for=\"wpcf7-6a094ec01f5d4-field\" class=\"hp-message\">Please leave this field empty.<\/label><input id=\"wpcf7-6a094ec01f5d4-field\"  class=\"wpcf7-form-control wpcf7-text\" type=\"text\" name=\"text-203\" value=\"\" size=\"40\" tabindex=\"-1\" autocomplete=\"new-password\" \/><\/span>\n<\/p>\n<p><span class=\"wpcf7-form-control-wrap\" data-name=\"text-516\"><label><span class=\"wpcf7-quiz-label\">What is 3 + 1?<\/span> <input size=\"40\" class=\"wpcf7-form-control wpcf7-quiz\" autocomplete=\"off\" aria-required=\"true\" aria-invalid=\"false\" type=\"text\" name=\"text-516\" \/><\/label><input type=\"hidden\" name=\"_wpcf7_quiz_answer_text-516\" value=\"17fce50b4e08e05df77833504bd2f349\" \/><\/span>\n<\/p>\n<p><input class=\"wpcf7-form-control wpcf7-submit has-spinner\" type=\"submit\" value=\"Wy\u015blij\" \/>\n<\/p><div class=\"wpcf7-response-output\" aria-hidden=\"true\"><\/div>\n<\/form>\n<\/div>\n\n","protected":false},"excerpt":{"rendered":"<p>Ustawa o zachowaniu nale\u017cytej staranno\u015bci w \u0142a\u0144cuchach dostaw (Lieferkettensorgfaltspflichtengesetz, w skr\u00f3cie LkSG) My, firma Adolf Schmidt Metallwaren- und Holzschraubenfabrik GmbH z\u00a0Wuppertal, postanowili\u015bmy, w\u00a0oparciu o wymogi ustawy o \u0142a\u0144cuchach dostaw, wyda\u0107 dobrowolne\u00a0O\u015bwiadczenie w sprawie naszych dzia\u0142a\u0144 w zakresie praw cz\u0142owieka i ochrony \u015brodowiska naturalnego. Poniewa\u017c jeste\u015bmy firm\u0105 zatrudniaj\u0105c\u0105 poni\u017cej 100 pracownik\u00f3w, ustawa o \u0142a\u0144cuchach dostaw nas [&hellip;]<\/p>\n","protected":false},"author":1,"featured_media":0,"parent":0,"menu_order":15,"comment_status":"closed","ping_status":"closed","template":"","meta":{"_acf_changed":false,"footnotes":""},"class_list":["post-30844","page","type-page","status-publish","hentry"],"acf":[],"_links":{"self":[{"href":"https:\/\/www.asw24.de\/pl\/wp-json\/wp\/v2\/pages\/30844","targetHints":{"allow":["GET"]}}],"collection":[{"href":"https:\/\/www.asw24.de\/pl\/wp-json\/wp\/v2\/pages"}],"about":[{"href":"https:\/\/www.asw24.de\/pl\/wp-json\/wp\/v2\/types\/page"}],"author":[{"embeddable":true,"href":"https:\/\/www.asw24.de\/pl\/wp-json\/wp\/v2\/users\/1"}],"replies":[{"embeddable":true,"href":"https:\/\/www.asw24.de\/pl\/wp-json\/wp\/v2\/comments?post=30844"}],"version-history":[{"count":6,"href":"https:\/\/www.asw24.de\/pl\/wp-json\/wp\/v2\/pages\/30844\/revisions"}],"predecessor-version":[{"id":32945,"href":"https:\/\/www.asw24.de\/pl\/wp-json\/wp\/v2\/pages\/30844\/revisions\/32945"}],"wp:attachment":[{"href":"https:\/\/www.asw24.de\/pl\/wp-json\/wp\/v2\/media?parent=30844"}],"curies":[{"name":"wp","href":"https:\/\/api.w.org\/{rel}","templated":true}]}}