{"id":27,"date":"2023-08-16T14:11:13","date_gmt":"2023-08-16T12:11:13","guid":{"rendered":"https:\/\/www.asw24.de\/wp\/?page_id=27"},"modified":"2023-11-13T13:23:16","modified_gmt":"2023-11-13T12:23:16","slug":"przedsiebiorstwo","status":"publish","type":"page","link":"https:\/\/www.asw24.de\/pl\/przedsiebiorstwo\/","title":{"rendered":"Przedsi\u0119biorstwo"},"content":{"rendered":"<h1>Przedsi\u0119biorstwo<\/h1>\n<p>Od czasu za\u0142o\u017cenia w roku 1906 przedsi\u0119biorstwo rodzinne Adolf Schmidt Metallwaren- und Holzschraubenfabrik GmbH znajduje si\u0119 w Wuppertalu, st\u0105d ze swojej siedziby g\u0142\u00f3wnej przy ulicy Essener Strasse 39 rozprowadza szeroki asortyment produkt\u00f3w.<\/p>\n","protected":false},"excerpt":{"rendered":"<p>Przedsi\u0119biorstwo Od czasu za\u0142o\u017cenia w roku 1906 przedsi\u0119biorstwo rodzinne Adolf Schmidt Metallwaren- und Holzschraubenfabrik GmbH znajduje si\u0119 w Wuppertalu, st\u0105d ze swojej siedziby g\u0142\u00f3wnej przy ulicy Essener Strasse 39 rozprowadza szeroki asortyment produkt\u00f3w.<\/p>\n","protected":false},"author":1,"featured_media":31281,"parent":0,"menu_order":1,"comment_status":"closed","ping_status":"closed","template":"","meta":{"_acf_changed":false,"footnotes":""},"class_list":["post-27","page","type-page","status-publish","has-post-thumbnail","hentry"],"acf":[],"_links":{"self":[{"href":"https:\/\/www.asw24.de\/pl\/wp-json\/wp\/v2\/pages\/27","targetHints":{"allow":["GET"]}}],"collection":[{"href":"https:\/\/www.asw24.de\/pl\/wp-json\/wp\/v2\/pages"}],"about":[{"href":"https:\/\/www.asw24.de\/pl\/wp-json\/wp\/v2\/types\/page"}],"author":[{"embeddable":true,"href":"https:\/\/www.asw24.de\/pl\/wp-json\/wp\/v2\/users\/1"}],"replies":[{"embeddable":true,"href":"https:\/\/www.asw24.de\/pl\/wp-json\/wp\/v2\/comments?post=27"}],"version-history":[{"count":3,"href":"https:\/\/www.asw24.de\/pl\/wp-json\/wp\/v2\/pages\/27\/revisions"}],"predecessor-version":[{"id":31331,"href":"https:\/\/www.asw24.de\/pl\/wp-json\/wp\/v2\/pages\/27\/revisions\/31331"}],"wp:featuredmedia":[{"embeddable":true,"href":"https:\/\/www.asw24.de\/pl\/wp-json\/wp\/v2\/media\/31281"}],"wp:attachment":[{"href":"https:\/\/www.asw24.de\/pl\/wp-json\/wp\/v2\/media?parent=27"}],"curies":[{"name":"wp","href":"https:\/\/api.w.org\/{rel}","templated":true}]}}