{"id":31068,"date":"2023-11-09T15:18:25","date_gmt":"2023-11-09T14:18:25","guid":{"rendered":"http:\/\/wpservice"},"modified":"2024-02-14T14:56:09","modified_gmt":"2024-02-14T13:56:09","slug":"lksg","status":"publish","type":"page","link":"https:\/\/www.asw24.de\/fr\/lksg\/","title":{"rendered":"LkSG"},"content":{"rendered":"<h1 class=\"Default\"><span lang=\"FR\">Loi allemande relative au devoir de vigilance des entreprises dans les cha\u00eenes d\u2019approvisionnement (<i>Lieferkettensorgfaltspflichtengesetz<\/i>, LkSG)<\/span><\/h1>\n<p>Nous, la soci\u00e9t\u00e9 Adolf Schmidt Metallwaren- und Holzschraubenfabrik GmbH, de Wuppertal (Allemagne), avons d\u00e9cid\u00e9 de formuler volontairement <a href=\"https:\/\/www.asw24.de\/wp-content\/uploads\/sites\/3\/2023\/11\/Grundsatzerklaerung_ASW_FR.pdf\" target=\"_blank\" rel=\"noopener\">une d\u00e9claration de principes<\/a> selon les exigences de la loi allemande relative aux cha\u00eenes d\u2019approvisionnement concernant nos activit\u00e9s li\u00e9es aux droits de l\u2019homme et \u00e0 l\u2019environnement.<\/p>\n<p>En tant qu\u2019entreprise comptant moins de 100 collaborateurs, nous ne sommes pas soumis \u00e0 la loi allemande relative aux cha\u00eenes d\u2019approvisionnement, qui, \u00e0 compter du 01\/01\/2023, concerne les entreprises de plus de 3000 collaborateurs. Cependant, ASW a toujours fait valoir son engagement dans une gestion d\u2019entreprise \u00e9cologiquement et socialement responsable, et c\u2019est la raison pour laquelle nous mettons d\u2019ores et d\u00e9j\u00e0 en \u0153uvre nos obligations de vigilance.<\/p>\n<p>Dans tous les efforts, la pr\u00e9vention des violations des droits de l\u2019homme et de l\u2019environnement est notre premi\u00e8re priorit\u00e9.<\/p>\n<p>La proc\u00e9dure de r\u00e9clamation sert \u00e0 signaler des risques et manquements aux obligations en mati\u00e8re de droits de l\u2019homme et d\u2019environnement d\u00e9coulant de l\u2019activit\u00e9 \u00e9conomique dans notre propre domaine commercial ou celui d\u2019un fournisseur.<br \/>\nLes personnes concern\u00e9es peuvent signaler des violations pr\u00e9sum\u00e9es et exiger des mesures correctives ou des clarifications -&gt; <a href=\"https:\/\/www.asw24.de\/wp-content\/uploads\/sites\/3\/2023\/11\/Verfahrensordnung_ASW_fr.pdf\" target=\"_blank\" rel=\"noopener\">R\u00e8gles de proc\u00e9dure sur la proc\u00e9dure de r\u00e9clamation<\/a>.<\/p>\n<p><strong>Personne de contact :<\/strong><\/p>\n<p><img decoding=\"async\" class=\"alignnone size-thumbnail wp-image-32880\" src=\"https:\/\/www.asw24.de\/wp-content\/uploads\/2023\/11\/W.Sondermann-7626-150x150.jpg\" alt=\"\" width=\"150\" height=\"150\" \/><\/p>\n<p>La personne de contact au titre de la \u00ab Loi allemande relative au devoir de vigilance des entreprises dans les cha\u00eenes d\u2019approvisionnement \u2013 LkSG \u00bb est monsieur Stefan Schmidt. Il est responsable du traitement des risques en mati\u00e8re de droits de l\u2019homme, de droit du travail ou d\u2019environnement ou des manquements aux obligations les concernant.<\/p>\n<p>Pour que la proc\u00e9dure soit accessible \u00e0 tout un chacun, nous avons cr\u00e9\u00e9 diff\u00e9rentes possibilit\u00e9s de d\u00e9p\u00f4t de r\u00e9clamations : (La r\u00e9clamation peut \u00eatre d\u00e9pos\u00e9e en mentionnant son nom ou bien de mani\u00e8re anonyme)<\/p>\n<p><strong>Par courrier:<\/strong><br \/>\nAdolf Schmidt Metallwaren- und<br \/>\nHolzschraubenfabrik GmbH<br \/>\nHerr Stefan Schmidt<br \/>\nEssener Stra\u00dfe 39<br \/>\nD-42327 Wuppertal<\/p>\n<p><strong>Par e-mail:<\/strong><br \/>\n<a href=\"mailto:lksg@asw24.de\">lksg@asw24.de<\/a><\/p>\n<p><strong>En personne:<\/strong><br \/>\nEn cas de signalement en personne, nous vous prions de convenir pr\u00e9alablement d\u2019un rendez-vous avec monsieur Stefan Schmidt par e-mail \u00e0 l\u2019adresse <a href=\"mailto:lksg@asw24.de\">lksg@asw24.de<\/a> ou bien par t\u00e9l\u00e9phone au +49(0)202-69518-0.<\/p>\n<p><strong>Via notre formulaire de contact:<\/strong><\/p>\n<p>D\u00e9poser une r\u00e9clamation: Saisissez votre message et les possibilit\u00e9s de contact souhait\u00e9es dans les champs correspondants et cliquez sur Envoyer. Un accus\u00e9 de r\u00e9ception de votre message sera envoy\u00e9 dans les plus brefs d\u00e9lais (suite de la chronologie du d\u00e9roulement : voir \u00ab <a href=\"https:\/\/www.asw24.de\/wp-content\/uploads\/sites\/3\/2023\/11\/Verfahrensordnung_ASW_fr.pdf\" target=\"_blank\" rel=\"noopener\">R\u00e8gles de proc\u00e9dure sur la proc\u00e9dure de r\u00e9clamation<\/a> \u00bb).<\/p>\n\n<div class=\"wpcf7 no-js\" id=\"wpcf7-f33017-o1\" lang=\"fr-FR\" dir=\"ltr\" data-wpcf7-id=\"33017\">\n<div class=\"screen-reader-response\"><p role=\"status\" aria-live=\"polite\" aria-atomic=\"true\"><\/p> <ul><\/ul><\/div>\n<form action=\"\/fr\/wp-json\/wp\/v2\/pages\/31068#wpcf7-f33017-o1\" method=\"post\" class=\"wpcf7-form init\" aria-label=\"Formulaire de contact\" novalidate=\"novalidate\" data-status=\"init\">\n<div style=\"display: none;\">\n<input type=\"hidden\" name=\"_wpcf7\" value=\"33017\" \/>\n<input type=\"hidden\" name=\"_wpcf7_version\" value=\"6.0.5\" \/>\n<input type=\"hidden\" name=\"_wpcf7_locale\" value=\"fr_FR\" \/>\n<input type=\"hidden\" name=\"_wpcf7_unit_tag\" value=\"wpcf7-f33017-o1\" \/>\n<input type=\"hidden\" name=\"_wpcf7_container_post\" value=\"0\" \/>\n<input type=\"hidden\" name=\"_wpcf7_posted_data_hash\" value=\"\" \/>\n<\/div>\n<p>Pour plus d'informations sur la mani\u00e8re dont les donn\u00e9es sont stock\u00e9es, veuillez lire la <a target=\"_blank\" href=\"\/fr\/politique-de-confidentialite\/\">politique de confidentialit\u00e9<\/a>.\n<\/p>\n<p><label><span class=\"form-label\">Nom<\/span><br \/>\n<span class=\"wpcf7-form-control-wrap\" data-name=\"your-name\"><input size=\"40\" maxlength=\"400\" class=\"wpcf7-form-control wpcf7-text\" aria-invalid=\"false\" value=\"\" type=\"text\" name=\"your-name\" \/><\/span> <\/label>\n<\/p>\n<p><label><span class=\"form-label\">E-mail<\/span><br \/>\n<span class=\"wpcf7-form-control-wrap\" data-name=\"your-email\"><input size=\"40\" maxlength=\"400\" class=\"wpcf7-form-control wpcf7-email wpcf7-text wpcf7-validates-as-email\" aria-invalid=\"false\" value=\"\" type=\"email\" name=\"your-email\" \/><\/span> <\/label>\n<\/p>\n<p><label><span class=\"form-label\">T\u00e9l\u00e9phone<\/span><br \/>\n<span class=\"wpcf7-form-control-wrap\" data-name=\"your-phone-number\"><input size=\"40\" maxlength=\"400\" class=\"wpcf7-form-control wpcf7-tel wpcf7-text wpcf7-validates-as-tel\" aria-invalid=\"false\" value=\"\" type=\"tel\" name=\"your-phone-number\" \/><\/span> <\/label>\n<\/p>\n<p><label><span class=\"form-label\">Adresse postale<\/span><br \/>\n<span class=\"wpcf7-form-control-wrap\" data-name=\"your-address\"><input size=\"40\" maxlength=\"400\" class=\"wpcf7-form-control wpcf7-text\" aria-invalid=\"false\" value=\"\" type=\"text\" name=\"your-address\" \/><\/span> <\/label>\n<\/p>\n<p><label><span class=\"form-label\">Votre message*<\/span><br \/>\n<span class=\"wpcf7-form-control-wrap\" data-name=\"your-message\"><textarea cols=\"40\" rows=\"10\" maxlength=\"2000\" class=\"wpcf7-form-control wpcf7-textarea wpcf7-validates-as-required\" aria-required=\"true\" aria-invalid=\"false\" name=\"your-message\"><\/textarea><\/span> <\/label>\n<\/p>\n<p><label><span class=\"form-label\">Je souhaite un contact par*<\/span><\/label><span class=\"wpcf7-form-control-wrap\" data-name=\"contact-info\"><span class=\"wpcf7-form-control wpcf7-checkbox wpcf7-validates-as-required\"><span class=\"wpcf7-list-item first\"><label><input type=\"checkbox\" name=\"contact-info[]\" value=\"E-mail\" \/><span class=\"wpcf7-list-item-label\">E-mail<\/span><\/label><\/span><span class=\"wpcf7-list-item\"><label><input type=\"checkbox\" name=\"contact-info[]\" value=\"T\u00e9l\u00e9phone\" \/><span class=\"wpcf7-list-item-label\">T\u00e9l\u00e9phone<\/span><\/label><\/span><span class=\"wpcf7-list-item last\"><label><input type=\"checkbox\" name=\"contact-info[]\" value=\"Courrier\" \/><span class=\"wpcf7-list-item-label\">Courrier<\/span><\/label><\/span><\/span><\/span>\n<\/p>\n<p><label>*Champs obligatoires<\/label>\n<\/p>\n<p><span id=\"wpcf7-69d536ea45c88-wrapper\" class=\"wpcf7-form-control-wrap text-251-wrap\" style=\"display:none !important; visibility:hidden !important;\"><input type=\"hidden\" name=\"text-251-time-start\" value=\"1775580906\"><input type=\"hidden\" name=\"text-251-time-check\" value=\"4\"><label for=\"wpcf7-69d536ea45c88-field\" class=\"hp-message\">Veuillez laisser ce champ vide.<\/label><input id=\"wpcf7-69d536ea45c88-field\"  class=\"wpcf7-form-control wpcf7-text\" type=\"text\" name=\"text-251\" value=\"\" size=\"40\" tabindex=\"-1\" autocomplete=\"new-password\" \/><\/span>\n<\/p>\n<p><span class=\"wpcf7-form-control-wrap\" data-name=\"text-306\"><label><span class=\"wpcf7-quiz-label\">What is 3 x 2?<\/span> <input size=\"40\" class=\"wpcf7-form-control wpcf7-quiz\" autocomplete=\"off\" aria-required=\"true\" aria-invalid=\"false\" type=\"text\" name=\"text-306\" \/><\/label><input type=\"hidden\" name=\"_wpcf7_quiz_answer_text-306\" value=\"70841ade6f2ed8bf9c86f2bbc11cea5b\" \/><\/span>\n<\/p>\n<p><input class=\"wpcf7-form-control wpcf7-submit has-spinner\" type=\"submit\" value=\"Envoyer\" \/>\n<\/p><div class=\"wpcf7-response-output\" aria-hidden=\"true\"><\/div>\n<\/form>\n<\/div>\n\n","protected":false},"excerpt":{"rendered":"<p>Loi allemande relative au devoir de vigilance des entreprises dans les cha\u00eenes d\u2019approvisionnement (Lieferkettensorgfaltspflichtengesetz, LkSG) Nous, la soci\u00e9t\u00e9 Adolf Schmidt Metallwaren- und Holzschraubenfabrik GmbH, de Wuppertal (Allemagne), avons d\u00e9cid\u00e9 de formuler volontairement une d\u00e9claration de principes selon les exigences de la loi allemande relative aux cha\u00eenes d\u2019approvisionnement concernant nos activit\u00e9s li\u00e9es aux droits de l\u2019homme [&hellip;]<\/p>\n","protected":false},"author":1,"featured_media":0,"parent":0,"menu_order":15,"comment_status":"closed","ping_status":"closed","template":"","meta":{"_acf_changed":false,"footnotes":""},"class_list":["post-31068","page","type-page","status-publish","hentry"],"acf":[],"_links":{"self":[{"href":"https:\/\/www.asw24.de\/fr\/wp-json\/wp\/v2\/pages\/31068","targetHints":{"allow":["GET"]}}],"collection":[{"href":"https:\/\/www.asw24.de\/fr\/wp-json\/wp\/v2\/pages"}],"about":[{"href":"https:\/\/www.asw24.de\/fr\/wp-json\/wp\/v2\/types\/page"}],"author":[{"embeddable":true,"href":"https:\/\/www.asw24.de\/fr\/wp-json\/wp\/v2\/users\/1"}],"replies":[{"embeddable":true,"href":"https:\/\/www.asw24.de\/fr\/wp-json\/wp\/v2\/comments?post=31068"}],"version-history":[{"count":8,"href":"https:\/\/www.asw24.de\/fr\/wp-json\/wp\/v2\/pages\/31068\/revisions"}],"predecessor-version":[{"id":33018,"href":"https:\/\/www.asw24.de\/fr\/wp-json\/wp\/v2\/pages\/31068\/revisions\/33018"}],"wp:attachment":[{"href":"https:\/\/www.asw24.de\/fr\/wp-json\/wp\/v2\/media?parent=31068"}],"curies":[{"name":"wp","href":"https:\/\/api.w.org\/{rel}","templated":true}]}}