{"id":31066,"date":"2023-11-09T15:18:23","date_gmt":"2023-11-09T14:18:23","guid":{"rendered":"http:\/\/wpservice"},"modified":"2023-11-09T17:01:38","modified_gmt":"2023-11-09T16:01:38","slug":"mentions-legales","status":"publish","type":"page","link":"https:\/\/www.asw24.de\/fr\/mentions-legales\/","title":{"rendered":"Mentions l\u00e9gales"},"content":{"rendered":"<h1>Mentions l\u00e9gales<\/h1>\n<p>Adolf Schmidt Metallwaren- und Holzschraubenfabrik GmbH<br \/>\nEssener Stra\u00dfe 39<br \/>\n42327 Wuppertal<\/p>\n<p>Telefon 02 02-69518-0<br \/>\nTelefax 02 02-69518-20<br \/>\nE-mail: info@asw24.de<\/p>\n<p>Si\u00e8ge de la soci\u00e9t\u00e9: Wuppertal<br \/>\nDirigeants: Hans Schmidt und Stefan Schmidt<br \/>\nBureau d&rsquo;immatriculation: Wuppertal<br \/>\nN\u00b0 d&rsquo;immatriculation: HRB 9898<\/p>\n<p>UST-Ident.-Nr.: DE812823080<\/p>\n<p><strong>Remarque relative \u00e0 la responsabilit\u00e9:<\/strong><\/p>\n<p>La soci\u00e9t\u00e9 Adolf Schmidt Metallwaren- und Holzschraubenfabrik GmbH n&rsquo;assume aucune responsabilit\u00e9 pour les contenus des liens externes. Seuls leur exploitant est responsable du contenu des pages li\u00e9es.<\/p>\n","protected":false},"excerpt":{"rendered":"<p>Mentions l\u00e9gales Adolf Schmidt Metallwaren- und Holzschraubenfabrik GmbH Essener Stra\u00dfe 39 42327 Wuppertal Telefon 02 02-69518-0 Telefax 02 02-69518-20 E-mail: info@asw24.de Si\u00e8ge de la soci\u00e9t\u00e9: Wuppertal Dirigeants: Hans Schmidt und Stefan Schmidt Bureau d&rsquo;immatriculation: Wuppertal N\u00b0 d&rsquo;immatriculation: HRB 9898 UST-Ident.-Nr.: DE812823080 Remarque relative \u00e0 la responsabilit\u00e9: La soci\u00e9t\u00e9 Adolf Schmidt Metallwaren- und Holzschraubenfabrik GmbH n&rsquo;assume [&hellip;]<\/p>\n","protected":false},"author":1,"featured_media":0,"parent":0,"menu_order":8,"comment_status":"closed","ping_status":"closed","template":"","meta":{"_acf_changed":false,"footnotes":""},"class_list":["post-31066","page","type-page","status-publish","hentry"],"acf":[],"_links":{"self":[{"href":"https:\/\/www.asw24.de\/fr\/wp-json\/wp\/v2\/pages\/31066","targetHints":{"allow":["GET"]}}],"collection":[{"href":"https:\/\/www.asw24.de\/fr\/wp-json\/wp\/v2\/pages"}],"about":[{"href":"https:\/\/www.asw24.de\/fr\/wp-json\/wp\/v2\/types\/page"}],"author":[{"embeddable":true,"href":"https:\/\/www.asw24.de\/fr\/wp-json\/wp\/v2\/users\/1"}],"replies":[{"embeddable":true,"href":"https:\/\/www.asw24.de\/fr\/wp-json\/wp\/v2\/comments?post=31066"}],"version-history":[{"count":4,"href":"https:\/\/www.asw24.de\/fr\/wp-json\/wp\/v2\/pages\/31066\/revisions"}],"predecessor-version":[{"id":31235,"href":"https:\/\/www.asw24.de\/fr\/wp-json\/wp\/v2\/pages\/31066\/revisions\/31235"}],"wp:attachment":[{"href":"https:\/\/www.asw24.de\/fr\/wp-json\/wp\/v2\/media?parent=31066"}],"curies":[{"name":"wp","href":"https:\/\/api.w.org\/{rel}","templated":true}]}}