{"id":31060,"date":"2023-11-09T15:18:20","date_gmt":"2023-11-09T14:18:20","guid":{"rendered":"http:\/\/wpservice"},"modified":"2023-11-09T16:37:44","modified_gmt":"2023-11-09T15:37:44","slug":"lentreprise","status":"publish","type":"page","link":"https:\/\/www.asw24.de\/fr\/lentreprise\/","title":{"rendered":"L&rsquo;entreprise"},"content":{"rendered":"<h1>L&rsquo;entreprise<\/h1>\n<p>Depuis sa fondation en 1906, l&rsquo;entreprise familiale Adolf Schmidt Metallwaren- und Holzschraubenfabrik GmbH si\u00e8ge \u00e0 Wuppertal et distribue aujourd&rsquo;hui depuis son site du 39 Essener Stra\u00dfe une vaste gamme de produits.<\/p>\n","protected":false},"excerpt":{"rendered":"<p>L&rsquo;entreprise Depuis sa fondation en 1906, l&rsquo;entreprise familiale Adolf Schmidt Metallwaren- und Holzschraubenfabrik GmbH si\u00e8ge \u00e0 Wuppertal et distribue aujourd&rsquo;hui depuis son site du 39 Essener Stra\u00dfe une vaste gamme de produits.<\/p>\n","protected":false},"author":1,"featured_media":31067,"parent":0,"menu_order":1,"comment_status":"closed","ping_status":"closed","template":"","meta":{"_acf_changed":false,"footnotes":""},"class_list":["post-31060","page","type-page","status-publish","has-post-thumbnail","hentry"],"acf":[],"_links":{"self":[{"href":"https:\/\/www.asw24.de\/fr\/wp-json\/wp\/v2\/pages\/31060","targetHints":{"allow":["GET"]}}],"collection":[{"href":"https:\/\/www.asw24.de\/fr\/wp-json\/wp\/v2\/pages"}],"about":[{"href":"https:\/\/www.asw24.de\/fr\/wp-json\/wp\/v2\/types\/page"}],"author":[{"embeddable":true,"href":"https:\/\/www.asw24.de\/fr\/wp-json\/wp\/v2\/users\/1"}],"replies":[{"embeddable":true,"href":"https:\/\/www.asw24.de\/fr\/wp-json\/wp\/v2\/comments?post=31060"}],"version-history":[{"count":4,"href":"https:\/\/www.asw24.de\/fr\/wp-json\/wp\/v2\/pages\/31060\/revisions"}],"predecessor-version":[{"id":31222,"href":"https:\/\/www.asw24.de\/fr\/wp-json\/wp\/v2\/pages\/31060\/revisions\/31222"}],"wp:featuredmedia":[{"embeddable":true,"href":"https:\/\/www.asw24.de\/fr\/wp-json\/wp\/v2\/media\/31067"}],"wp:attachment":[{"href":"https:\/\/www.asw24.de\/fr\/wp-json\/wp\/v2\/media?parent=31060"}],"curies":[{"name":"wp","href":"https:\/\/api.w.org\/{rel}","templated":true}]}}