{"id":31059,"date":"2023-11-09T15:18:20","date_gmt":"2023-11-09T14:18:20","guid":{"rendered":"http:\/\/wpservice"},"modified":"2025-03-05T12:58:39","modified_gmt":"2025-03-05T11:58:39","slug":"politique-de-confidentialite","status":"publish","type":"page","link":"https:\/\/www.asw24.de\/fr\/politique-de-confidentialite\/","title":{"rendered":"Politique de confidentialit\u00e9"},"content":{"rendered":"<h1><strong>INFORMATIONS SUR LA PROTECTION DES DONN\u00c9ES<\/strong><\/h1>\n<p>Nous sommes heureux que vous nous ayez contact\u00e9s, que ce soit via notre Site\u00a0Web ou par d\u2019autres moyens, par exemple par t\u00e9l\u00e9phone ou e-mail.<\/p>\n<p>La protection de vos donn\u00e9es \u00e0 caract\u00e8re personnel repr\u00e9sente pour nous une priorit\u00e9. Vous apprendrez ci-apr\u00e8s comment nous traitons vos donn\u00e9es \u00e0 caract\u00e8re personnel. Nous op\u00e9rons alors une diff\u00e9renciation d\u2019une part entre votre visite sur notre site\u00a0Web (ci-dessous\u00a0I.) et les donn\u00e9es g\u00e9n\u00e9r\u00e9es dans ce cadre et d\u2019autre part votre prise de contact avec nous par d\u2019autres moyens, par exemple par t\u00e9l\u00e9phone, e-mail ou bien chez nous sur site (ci-dessous\u00a0II.). Dans\u00a0III., vous trouverez toutes les autres informations s\u2019appliquant aux deux types de prise de contact.<\/p>\n<p>Cette information relative \u00e0 la protection des donn\u00e9es s\u2019applique au traitement des donn\u00e9es par\u00a0:<\/p>\n<p><strong>Responsable :<\/strong><\/p>\n<p>Adolf Schmidt Metallwaren- und<br \/>\nHolzschraubenfabrik GmbH<\/p>\n<p>G\u00e9rants\u00a0: Hans Schmidt et Stefan Schmidt<\/p>\n<p>Essener Stra\u00dfe 39<br \/>\nD-42327 Wuppertal<\/p>\n<p>T\u00e9l\u00e9phone +49 (0)2 02-69518-0<br \/>\nT\u00e9l\u00e9copie +49 (0)2 02-69518-20<br \/>\nE-mail\u00a0: info@asw24.de<\/p>\n<p><strong>I. <\/strong><strong>Visite sur notre site\u00a0Web<\/strong><\/p>\n<p>Si vous consultez notre site Web, nous traiterons vos donn\u00e9es \u00e0 caract\u00e8re personnel comme suit :<\/p>\n<p><strong>1.Collecte et stockage des donn\u00e9es \u00e0 caract\u00e8re personnel ainsi que nature et finalit\u00e9 de leur utilisation<\/strong><\/p>\n<p>Lorsque vous visitez notre site Web <strong>www.asw24.de<\/strong>, le navigateur de votre terminal envoie automatiquement des informations au serveur de notre site\u00a0Web. Ces informations sont temporairement stock\u00e9es dans un \u00ab\u00a0fichier journal\u00a0\u00bb. Les informations suivantes sont enregistr\u00e9es sans votre intervention et conserv\u00e9es jusqu\u2019\u00e0 leur effacement automatis\u00e9\u00a0:<\/p>\n<ul>\n<li>adresse IP de l\u2019ordinateur demandeur,<\/li>\n<li>date et heure de l\u2019acc\u00e8s,<\/li>\n<li>nom et URL du fichier r\u00e9cup\u00e9r\u00e9,<\/li>\n<li>site Web \u00e0 partir duquel l\u2019acc\u00e8s est effectu\u00e9 (URL de r\u00e9f\u00e9rence),<\/li>\n<li>navigateur utilis\u00e9 et, le cas \u00e9ch\u00e9ant, le syst\u00e8me d\u2019exploitation de votre ordinateur ainsi que le nom de votre fournisseur d\u2019acc\u00e8s.<\/li>\n<\/ul>\n<p>Les donn\u00e9es mentionn\u00e9es seront trait\u00e9es par nos soins aux fins suivantes\u00a0:<\/p>\n<ul>\n<li>assurer une connexion fluide au site Web,<\/li>\n<li>assurer une utilisation confortable de notre site Web,<\/li>\n<li>\u00e9valuer la s\u00e9curit\u00e9 et la stabilit\u00e9 du syst\u00e8me,<\/li>\n<li>ainsi qu\u2019\u00e0 d\u2019autres fins administratives.<\/li>\n<\/ul>\n<p>La base juridique du traitement des donn\u00e9es est l\u2019article\u00a06, paragraphe\u00a01, phrase\u00a01, point\u00a0f du RGPD. Notre int\u00e9r\u00eat l\u00e9gitime d\u00e9coule des finalit\u00e9s \u00e9num\u00e9r\u00e9es ci-dessus pour la collecte des donn\u00e9es. Nous n\u2019utiliserons en aucun cas les donn\u00e9es collect\u00e9es dans le but de tirer des conclusions sur vous personnellement.<br \/>\nPar ailleurs, nous utilisons des cookies lorsque vous visitez notre site\u00a0Web.<\/p>\n<p><strong>2.Cookies<\/strong><\/p>\n<p>Nous utilisons des cookies sur notre site. Ce sont de petits fichiers que votre navigateur cr\u00e9e automatiquement et qui sont stock\u00e9s sur votre terminal (ordinateur portable, tablette, smartphone, etc.) lorsque vous visitez notre site. Les cookies n\u2019endommagent pas votre terminal, ne contiennent pas de virus, de chevaux de Troie ou d\u2019autres logiciels malveillants.<\/p>\n<p>Le cookie sert \u00e0 stocker des informations en relation avec le terminal sp\u00e9cifiquement utilis\u00e9.<\/p>\n<p>Toutefois, il n\u2019en d\u00e9coule pas que nous pouvons ainsi prendre imm\u00e9diatement connaissance de votre identit\u00e9. L\u2019utilisation de cookies sert d\u2019une part \u00e0 vous rendre l\u2019utilisation de notre offre plus agr\u00e9able. Par exemple, nous utilisons des cookies de session pour reconna\u00eetre si vous avez d\u00e9j\u00e0 visit\u00e9 certaines pages de notre site\u00a0Web. Ceux-ci seront automatiquement supprim\u00e9s apr\u00e8s avoir quitt\u00e9 notre site.<\/p>\n<p>En outre, nous utilisons \u00e9galement des cookies temporaires qui sont stock\u00e9s sur votre terminal pendant une p\u00e9riode de temps sp\u00e9cifi\u00e9e afin d\u2019optimiser la facilit\u00e9 d\u2019utilisation. Si vous visitez \u00e0 nouveau notre site pour utiliser nos services, votre visite pr\u00e9c\u00e9dente sera automatiquement reconnue, ainsi que les entr\u00e9es et param\u00e8tres que vous aviez effectu\u00e9s afin que vous n\u2019ayez pas \u00e0 les entrer \u00e0 nouveau.<\/p>\n<p>D\u2019autre part, nous utilisons des cookies pour enregistrer statistiquement l\u2019utilisation de notre site\u00a0Web. Vos donn\u00e9es sont alors utilis\u00e9es exclusivement sous une forme anonymis\u00e9e.<\/p>\n<p>Les donn\u00e9es trait\u00e9es par les cookies comme d\u00e9crit ci-dessus sont n\u00e9cessaires aux fins mentionn\u00e9es afin de prot\u00e9ger nos int\u00e9r\u00eats l\u00e9gitimes et ceux de tiers conform\u00e9ment \u00e0 l\u2019article\u00a06, paragraphe\u00a01, phrase\u00a01, point\u00a0f du RGPD, et ainsi justifi\u00e9s m\u00eame en l\u2019absence de consentement.<\/p>\n<p>La plupart des navigateurs acceptent automatiquement les cookies. Votre consentement \u00e0 l\u2019utilisation de cookies vous est demand\u00e9 lorsque vous visitez notre site Web. N\u00e9anmoins, vous pouvez configurer votre navigateur afin qu\u2019aucun cookie ne soit stock\u00e9 sur votre ordinateur ou qu\u2019un message apparaisse syst\u00e9matiquement avant la cr\u00e9ation d\u2019un nouveau cookie. La d\u00e9sactivation compl\u00e8te des cookies peut toutefois vous emp\u00eacher d\u2019utiliser toutes les fonctionnalit\u00e9s de notre site Web<strong>.<\/strong><\/p>\n<p><strong>3.Outils d\u2019analyse<\/strong><\/p>\n<p>Nous n\u2019utilisons aucun outil d\u2019analyse en plus des cookies nomm\u00e9s dans le paragraphe 2.<\/p>\n<p><strong>4.Plug-ins pour m\u00e9dias sociaux<\/strong><\/p>\n<p>Nous n\u2019utilisons sur notre site\u00a0Web aucun plug-in de m\u00e9dias sociaux des m\u00e9dias sociaux Facebook, Twitter et Instagram.<\/p>\n<p><strong>5.Utilisation de notre formulaire de contact<\/strong><\/p>\n<p>Pour toute question que vous souhaitez nous poser, nous vous offrons la possibilit\u00e9 de nous contacter via un formulaire mis \u00e0 disposition sur le site\u00a0Web. Il est n\u00e9cessaire de fournir une adresse e-mail valide afin que nous sachions de qui vient la demande et pour pouvoir y r\u00e9pondre. D\u2019autres informations peuvent \u00eatre fournies volontairement.<\/p>\n<p>Le traitement des donn\u00e9es aux fins de la prise de contact avec nous se d\u00e9roule selon l\u2019article\u00a06, paragraphe\u00a01, phrase\u00a01, point\u00a0a du RGPD sur la base de votre consentement volontaire.<\/p>\n<p>Les donn\u00e9es \u00e0 caract\u00e8re personnel collect\u00e9es par nos soins pour utiliser le formulaire de contact sont effac\u00e9es automatiquement une fois que la demande que vous avez formul\u00e9e aura \u00e9t\u00e9 trait\u00e9e.<\/p>\n<p><strong>II. Traitement des donn\u00e9es en cas de prise de contact hors de notre site Web<\/strong><\/p>\n<p>Si vous prenez contact avec nous hors de notre site\u00a0Web, nous traiterons vos donn\u00e9es selon le type et\/ou la finalit\u00e9 de la prise de contact selon les informations suivantes\u00a0:<\/p>\n<p><strong>1.<\/strong><strong>Traitement des donn\u00e9es en cas de prise de contact par t\u00e9l\u00e9phone, e-mail ou similaire \/ demandes de revendeurs<\/strong><\/p>\n<p>Dans le cadre du contact existant avec vous, que ce soit par t\u00e9l\u00e9phone, e-mail, chez nous sur site ou d\u2019une autre mani\u00e8re, il est in\u00e9vitable que vous nous communiquiez des donn\u00e9es dites \u00e0 caract\u00e8re personnel, en particulier votre nom, votre adresse ainsi que d\u2019autres donn\u00e9es de contact (t\u00e9l\u00e9phone, e-mail, fax), et des donn\u00e9es relatives \u00e0 votre activit\u00e9 commerciale. Vous apprendrez ci-apr\u00e8s comment nous traitons ces donn\u00e9es.<\/p>\n<p>Nous traitons les donn\u00e9es \u00e0 caract\u00e8re personnel cit\u00e9es pr\u00e9c\u00e9demment (votre nom, votre adresse ainsi que d\u2019autres donn\u00e9es de contact (t\u00e9l\u00e9phone, e-mail, fax)) \u00e0 des fins d\u2019ex\u00e9cution du contrat et de promotion de nos produits. En particulier pour<\/p>\n<ul>\n<li>le traitement de votre commande ou demande<\/li>\n<li>des analyses internes et \u00e0 des fins statistiques<\/li>\n<li>l\u2019optimisation de notre offre de services<\/li>\n<\/ul>\n<p>La base juridique pour le traitement et l\u2019ex\u00e9cution d\u2019une commande ou d\u2019une demande est l\u2019article\u00a06, paragraphe\u00a01, point\u00a0b du RGPD. Le traitement \u00e0 des fins de promotion de nos produits est justifi\u00e9 sur la base de notre int\u00e9r\u00eat l\u00e9gitime pour la promotion de nos produits selon l\u2019article\u00a06, paragraphe\u00a01, point\u00a0f du RGPD. Cela s\u2019applique aussi au traitement pour des analyses internes et \u00e0 des fins statistiques ainsi que pour optimiser notre offre de services.<\/p>\n<p>Nous signalons que nous transmettrons le cas \u00e9ch\u00e9ant vos donn\u00e9es \u00e0 des tiers dans le cadre d\u2019une demande de solvabilit\u00e9.<\/p>\n<p><strong>2.Donn\u00e9es de personnes de contact \/ agents d\u2019administrations publiques<\/strong><\/p>\n<p>Nous stockons les donn\u00e9es de contact (nom, pr\u00e9nom, adresse, num\u00e9ro de t\u00e9l\u00e9phone, e-mail, appartenance \u00e0 l\u2019entreprise) des personnes de contact de nos partenaires commerciaux \u00e0 des fins de prise de contact directe, en particulier dans le cadre de la pr\u00e9paration et l\u2019ex\u00e9cution de contrats.\u00a0 Il en va de m\u00eame en ce qui concerne les donn\u00e9es de contact des agents d\u2019administrations publiques dans le cadre de la prise de contact suite \u00e0 des mesures administratives.<\/p>\n<p>La base juridique du traitement est l\u2019article\u00a06, paragraphe\u00a01, phrase\u00a01, point\u00a0f du RGPD. Nous avons, en vue de simplifier une prise de contact, et tout particuli\u00e8rement une prise de contact directe avec les personnes de contact concern\u00e9es, un int\u00e9r\u00eat l\u00e9gitime pour le traitement des donn\u00e9es \u00e0 caract\u00e8re personnel n\u00e9cessaires \u00e0 cette fin.<\/p>\n<p><strong>\u00a03.<\/strong><strong>Traitement des donn\u00e9es en cas de candidatures et pendant la proc\u00e9dure de candidature<\/strong><\/p>\n<p>Dans le cadre de candidatures, nous collectons et traitons les donn\u00e9es \u00e0 caract\u00e8re personnel des candidats \u00e0 des fins de traitement de la proc\u00e9dure de candidature. La base juridique pour le traitement est l\u2019article\u00a088 du RGPD, en liaison avec le paragraphe\u00a026 de la loi f\u00e9d\u00e9rale allemande relative \u00e0 la protection des donn\u00e9es (<em>Bundesdatenschutzgesetz<\/em>). Le traitement peut aussi avoir lieu par voie \u00e9lectronique.<\/p>\n<p>C\u2019est en particulier le cas lorsqu\u2019un candidat nous transmet des documents de candidature par voie \u00e9lectronique, par exemple par e-mail ou bien via un formulaire de contact se trouvant sur le site Internet. Si nous concluons un contrat avec un candidat, les donn\u00e9es transmises aux fins du traitement de la relation contractuelle sont enregistr\u00e9es en respectant les consignes l\u00e9gales. La base juridique \u00e0 cet effet r\u00e9sulte de l\u2019article\u00a06, paragraphe\u00a01, point\u00a0b du RGPD.<\/p>\n<p><strong>4.<\/strong><strong>Traitement des donn\u00e9es de clients actuels\u00a0: publicit\u00e9, v\u0153ux de No\u00ebl<\/strong><\/p>\n<p>Si, dans le cadre d\u2019une conclusion de contrat, vous nous avez transmis votre adresse e-mail, nous l\u2019utiliserons ainsi que votre civilit\u00e9 et votre nom de famille afin de vous envoyer des informations sur nos propres produits et\/ou services semblables aux produits\/services que vous nous avez achet\u00e9s. Nous utilisons \u00e9galement ces donn\u00e9es pour vous adresser nos v\u0153ux de No\u00ebl. La condition pr\u00e9alable est que vous ne vous soyez pas oppos\u00e9 \u00e0 l\u2019utilisation de votre adresse e-mail \u00e0 des fins promotionnelles.<\/p>\n<p>La base juridique du traitement est l\u2019article\u00a06, paragraphe\u00a01, phrase\u00a01, point\u00a0f du RGPD, en lien avec le paragraphe\u00a07, alin\u00e9a\u00a03 de la loi f\u00e9d\u00e9rale allemande relative \u00e0 la concurrence d\u00e9loyale (UWG). Nous avons un int\u00e9r\u00eat l\u00e9gitime \u00e0 informer nos clients actuels sur nos produits et services et leur adresser des v\u0153ux de No\u00ebl dans l\u2019int\u00e9r\u00eat de la fid\u00e9lisation de la client\u00e8le. L\u2019int\u00e9r\u00eat des clients est suffisamment pris en compte par le droit de r\u00e9vocation qui leur est accord\u00e9 (voir ci-dessous le point IIII.3) et dont ils sont inform\u00e9s dans chaque e-mail.<\/p>\n<p><strong>5.Traitement des donn\u00e9es dans le cadre de r\u00e9clamations selon l\u2019article 9 (11-13) du RSGP<\/strong><\/p>\n<p>Si vous avez introduit chez nous, selon l\u2019article\u00a09\u00a0(12) du r\u00e8glement de l\u2019UE relatif \u00e0 la s\u00e9curit\u00e9 g\u00e9n\u00e9rale des produits (RSGP), une r\u00e9clamation sur un produit ou si vous nous avez inform\u00e9 sur des accidents ou des probl\u00e8mes de s\u00e9curit\u00e9 survenus en lien avec l\u2019un de nos produits, nous utiliserons ces donn\u00e9es uniquement pour le traitement\/la v\u00e9rification de votre r\u00e9clamation ou information. Nous enregistrerons en lien avec votre requ\u00eate exclusivement les donn\u00e9es \u00e0 caract\u00e8re personnel vous concernant dont nous avons besoin afin de pouvoir examiner votre requ\u00eate. Les donn\u00e9es resteront enregistr\u00e9es aussi longtemps que n\u00e9cessaire pour la v\u00e9rification, mais au maximum 5\u00a0ans \u00e0 compter de la saisie des donn\u00e9es correspondantes.<\/p>\n<p>La base juridique du traitement est l\u2019article\u00a06, paragraphe\u00a01, phrase\u00a01, point\u00a0c du RGPD, en lien avec l\u2019article\u00a09, paragraphes\u00a012 et 13 du r\u00e8glement relatif \u00e0 la s\u00e9curit\u00e9 g\u00e9n\u00e9rale des produits. Nous sommes dans l\u2019obligation l\u00e9gale (article\u00a09, paragraphes\u00a011, 12 du RSGP) de recevoir et examiner les r\u00e9clamations. Nous avons besoin pour cela de vos donn\u00e9es \u00e0 caract\u00e8re personnel mentionn\u00e9es ci-dessus.<\/p>\n<p><strong>III. Autres informations<\/strong><\/p>\n<p><strong>1.Transmission \u00e0 des tiers : cat\u00e9gories de destinataires <\/strong><\/p>\n<p>a) Vos donn\u00e9es \u00e0 caract\u00e8re personnel ne seront pas transmises \u00e0 des tiers \u00e0 des fins autres que celles \u00e9num\u00e9r\u00e9es ci-apr\u00e8s. Nous transmettrons vos donn\u00e9es personnelles \u00e0 des tiers que si au moins une des conditions suivantes est satisfaite\u00a0:<\/p>\n<ul>\n<li>vous avez donn\u00e9 votre consentement expr\u00e8s conform\u00e9ment \u00e0 l\u2019article\u00a06, paragraphe\u00a01, phrase\u00a01, point\u00a0a du RGPD,<\/li>\n<li>ceci est l\u00e9galement admissible et n\u00e9cessaire pour l\u2019ex\u00e9cution de relations contractuelles avec vous conform\u00e9ment \u00e0 l\u2019article\u00a06, paragraphe\u00a01, phrase\u00a01, point\u00a0b du RGPD.<\/li>\n<li>la transmission conform\u00e9ment \u00e0 l\u2019article\u00a06, paragraphe\u00a01, phrase\u00a01, point\u00a0f du RGPD est n\u00e9cessaire pour faire valoir, exercer ou d\u00e9fendre des droits l\u00e9gaux et s\u2019il n\u2019y a aucune raison de supposer que vous avez un int\u00e9r\u00eat sup\u00e9rieur digne de protection dans la non-transmission de vos donn\u00e9es,<\/li>\n<li>dans le cas o\u00f9 il existe une obligation l\u00e9gale de transmission selon l\u2019article\u00a06, paragraphe\u00a01, phrase\u00a01, point c du RGPD.<\/li>\n<\/ul>\n<p>b) Vos donn\u00e9es seront transmises aux cat\u00e9gories de destinataires suivantes\u00a0:<\/p>\n<p>Les cat\u00e9gories de destinataires diff\u00e8rent selon la nature de l\u2019activit\u00e9 de traitement.<br \/>\nSur ce site, on op\u00e8re comme suit une diff\u00e9renciation des cat\u00e9gories de destinataires de donn\u00e9es \u00e0 caract\u00e8re personnel\u00a0:<\/p>\n<p>Banques (op\u00e9rations de paiement)<br \/>\nExperts comptables (tenue des comptes)<\/p>\n<p>Tribunaux, autorit\u00e9s administratives, autres administrations, assurances (par exemple assurance responsabilit\u00e9 civile)<br \/>\nFournisseurs et autres prestataires de services utilis\u00e9s pour la production, la distribution et\/ou le transport, ainsi que les partenaires de coop\u00e9ration (par exemple nos repr\u00e9sentants (commerciaux)).<\/p>\n<p>c) Aucune transmission \u00e0 l\u2019\u00e9tranger n\u2019a lieu.<\/p>\n<p><strong>2.Droits des personnes concern\u00e9es<\/strong><\/p>\n<p>Vous avez le droit\u00a0:<\/p>\n<ul>\n<li>conform\u00e9ment \u00e0 l\u2019article\u00a015 du RGPD, d\u2018obtenir l\u2019acc\u00e8s \u00e0 vos donn\u00e9es \u00e0 caract\u00e8re personnel trait\u00e9es par nos soins. En particulier, vous pouvez obtenir des renseignements sur les finalit\u00e9s du traitement, la cat\u00e9gorie des donn\u00e9es \u00e0 caract\u00e8re personnel, les cat\u00e9gories de destinataires vis-\u00e0-vis desquels vos donn\u00e9es ont \u00e9t\u00e9 ou seront communiqu\u00e9es, la dur\u00e9e de conservation pr\u00e9vue, l\u2019existence d\u2019un droit de rectification, d\u2019effacement, de limitation du traitement ou d\u2019opposition, l\u2019existence d\u2019un droit d\u2019introduire une r\u00e9clamation, l\u2019origine de vos donn\u00e9es, dans la mesure o\u00f9 elles n\u2019ont pas \u00e9t\u00e9 collect\u00e9es chez nous, ainsi que sur l\u2019existence d\u2019une prise de d\u00e9cision automatis\u00e9e, y compris le profilage et le cas \u00e9ch\u00e9ant des informations pertinentes sur leurs d\u00e9tails\u00a0;<\/li>\n<li>conform\u00e9ment \u00e0 l\u2019article\u00a016 du RGPD, d\u2019obtenir dans les meilleurs d\u00e9lais la rectification de vos donn\u00e9es \u00e0 caract\u00e8re personnel enregistr\u00e9es chez nous qui sont inexactes ou de les faire compl\u00e9ter\u00a0;<\/li>\n<li>conform\u00e9ment \u00e0 l\u2019article\u00a017 du RGPD, d\u2019obtenir l\u2019effacement de vos donn\u00e9es \u00e0 caract\u00e8re personnel enregistr\u00e9es chez nous, dans la mesure o\u00f9 le traitement n\u2019est pas n\u00e9cessaire \u00e0 l\u2019exercice du droit \u00e0 la libert\u00e9 d\u2019expression et d\u2019information, pour respecter une obligation l\u00e9gale, pour des motifs d\u2019int\u00e9r\u00eat public ou bien pour faire valoir, exercer ou d\u00e9fendre des droits l\u00e9gaux\u00a0;<\/li>\n<li>conform\u00e9ment \u00e0 l\u2019article\u00a018 du RGPD, d\u2019obtenir la limitation du traitement de vos donn\u00e9es \u00e0 caract\u00e8re personnel, dans la mesure o\u00f9 vous contestez l\u2019exactitude des donn\u00e9es, si elles font l\u2019objet d\u2019un traitement illicite, si vous vous opposez \u00e0 leur effacement et n\u2019avons plus besoin des donn\u00e9es, mais en avez besoin pour faire valoir, exercer ou d\u00e9fendre des droits en justice ou si, conform\u00e9ment \u00e0 l\u2019article\u00a021 du RGPD, vous avez signifi\u00e9 votre opposition au traitement\u00a0;<\/li>\n<li>conform\u00e9ment \u00e0 l\u2019article\u00a020 du RGPD, de recevoir vos donn\u00e9es \u00e0 caract\u00e8re personnel que vous nous avez fournies, dans un format structur\u00e9, couramment utilis\u00e9 et lisible par machine ou d\u2019obtenir la transmission \u00e0 un autre responsable\u00a0;<\/li>\n<li>conform\u00e9ment \u00e0 l\u2019article\u00a07, paragraphe\u00a03 du RGPD, de retirer \u00e0 tout moment le consentement qui nous a \u00e9t\u00e9 initialement accord\u00e9. Il en r\u00e9sulte que nous n\u2019aurons plus le droit \u00e0 l\u2019avenir de poursuivre le traitement des donn\u00e9es reposant sur ce consentement, et,<\/li>\n<li>conform\u00e9ment \u00e0 l\u2019article\u00a077 du RGPD, d\u2019introduire une r\u00e9clamation aupr\u00e8s d\u2019une autorit\u00e9 de contr\u00f4le. De mani\u00e8re g\u00e9n\u00e9rale, vous pouvez pour cela vous adresser \u00e0 l\u2019autorit\u00e9 de contr\u00f4le de votre lieu de r\u00e9sidence habituelle ou de votre lieu de travail, du lieu de votre logement de vacances ou de notre si\u00e8ge social.<\/li>\n<\/ul>\n<p><strong>\u00a03.<\/strong><strong>Droit d\u2019opposition<\/strong><\/p>\n<p>Dans la mesure o\u00f9 vos donn\u00e9es \u00e0 caract\u00e8re personnel sont trait\u00e9es sur la base d\u2019int\u00e9r\u00eats l\u00e9gitimes selon l\u2019article\u00a06, paragraphe\u00a01, phrase\u00a01, point\u00a0f du RGPD, vous avez le droit, conform\u00e9ment \u00e0 l\u2019article\u00a021 du RGPD, de vous opposer au traitement de vos donn\u00e9es \u00e0 caract\u00e8re personnel, s\u2019il existe des raisons tenant \u00e0 votre situation particuli\u00e8re, ou si l\u2019opposition est dirig\u00e9e contre la prospection. Dans ce dernier cas, vous avez un droit d\u2019opposition g\u00e9n\u00e9ral mis en \u0153uvre par nos soins sans mention d\u2019une situation particuli\u00e8re.<\/p>\n<p><strong>4.Faire valoir un droit de r\u00e9vocation ou un droit d\u2019opposition<\/strong><\/p>\n<p>Si vous souhaitez faire usage de votre droit de r\u00e9vocation ou de votre droit d\u2019opposition, vous pouvez le faire de fa\u00e7on informelle, par exemple par e-mail \u00e0 <a href=\"mailto:info@asw24.de\">info@asw24.de<\/a><\/p>\n<p><strong>5.Dur\u00e9e de conservation<\/strong><\/p>\n<p>Les donn\u00e9es sont effac\u00e9es d\u00e8s qu\u2019elles ne sont plus n\u00e9cessaires aux fins de leur traitement.<\/p>\n<p>Si vous nous soumettez une demande non suivie d\u2019une commande, vos donn\u00e9es seront supprim\u00e9es au plus tard apr\u00e8s 15\u00a0mois. Dans tous les autres cas, vos donn\u00e9es seront enregistr\u00e9es selon les obligations l\u00e9gales de conservation et supprim\u00e9es imm\u00e9diatement apr\u00e8s l\u2019expiration de ces obligations.<\/p>\n<p>Nous conservons les donn\u00e9es \u00e0 caract\u00e8re personnel vous concernant que nous traitons sur la base de votre r\u00e9clamation\/requ\u00eate selon le r\u00e8glement relatif \u00e0 la s\u00e9curit\u00e9 g\u00e9n\u00e9rale des produits\u00a0(article 9) seulement pendant la dur\u00e9e n\u00e9cessaire \u00e0 l\u2019examen de votre requ\u00eate. Nous ne conserverons en aucun cas les donn\u00e9es pendant plus de 5\u00a0ans \u00e0 compter de la date de votre requ\u00eate, sauf si vous nous avez express\u00e9ment d\u00e9livr\u00e9 votre consentement \u00e0 cet effet.<\/p>\n<p><strong>6.<\/strong><strong>S\u00e9curit\u00e9 des donn\u00e9es<\/strong><\/p>\n<p>Dans le cadre de la visite du site\u00a0Web, nous utilisons le proc\u00e9d\u00e9 SSL\u00a0(Secure\u00a0Socket\u00a0Layer) en lien avec le niveau de cryptage le plus \u00e9lev\u00e9 possible pris en charge par votre navigateur. De mani\u00e8re g\u00e9n\u00e9rale, il s\u2019agit ici d\u2019un cryptage 256\u00a0bits. Si votre navigateur ne prend pas en charge le cryptage 256\u00a0bits, nous avons recours \u00e0 la place \u00e0 la technologie 128\u00a0bits\u00a0v3. L\u2019affichage d\u2019un symbole de cl\u00e9 ou de cadenas en position ferm\u00e9e dans la barre d\u2019\u00e9tat du bas de votre navigateur vous permet de reconna\u00eetre si une des pages de notre site\u00a0Internet est transmise sous forme crypt\u00e9e.<\/p>\n<p>Nous utilisons \u00e9galement des mesures de s\u00e9curit\u00e9 techniques et organisationnelles appropri\u00e9es pour prot\u00e9ger vos donn\u00e9es contre les manipulations accidentelles ou intentionnelles, les pertes partielles ou compl\u00e8tes, la destruction ou contre l\u2019acc\u00e8s non autoris\u00e9 de tiers. Nos mesures de s\u00e9curit\u00e9 sont constamment am\u00e9lior\u00e9es en fonction des progr\u00e8s technologiques.<\/p>\n<p><strong>7.Actualit\u00e9 et modification de ces informations sur la protection des donn\u00e9es<\/strong><\/p>\n<p>Ces informations sur la protection des donn\u00e9es sont actuellement valides et sont \u00e0 jour en date du mois de mai\u00a02018. En raison du d\u00e9veloppement de notre site\u00a0Web et des offres \u00e0 ce sujet ainsi qu\u2019en cas de modifications des op\u00e9rations de traitement des donn\u00e9es ou d\u2019exigences administratives, il peut \u00eatre n\u00e9cessaire de modifier ces informations sur la protection des donn\u00e9es. Vous pouvez \u00e0 tout moment consulter la derni\u00e8re mise \u00e0 jour des informations sur la protection des donn\u00e9es sur le site <a href=\"https:\/\/www.asw24.de\/datenschutz\">https:\/\/www.asw24.de\/datenschutz<\/a> et les imprimer.<\/p>\n","protected":false},"excerpt":{"rendered":"<p>INFORMATIONS SUR LA PROTECTION DES DONN\u00c9ES Nous sommes heureux que vous nous ayez contact\u00e9s, que ce soit via notre Site\u00a0Web ou par d\u2019autres moyens, par exemple par t\u00e9l\u00e9phone ou e-mail. La protection de vos donn\u00e9es \u00e0 caract\u00e8re personnel repr\u00e9sente pour nous une priorit\u00e9. Vous apprendrez ci-apr\u00e8s comment nous traitons vos donn\u00e9es \u00e0 caract\u00e8re personnel. Nous [&hellip;]<\/p>\n","protected":false},"author":1,"featured_media":0,"parent":0,"menu_order":7,"comment_status":"closed","ping_status":"open","template":"","meta":{"_acf_changed":false,"footnotes":""},"class_list":["post-31059","page","type-page","status-publish","hentry"],"acf":[],"_links":{"self":[{"href":"https:\/\/www.asw24.de\/fr\/wp-json\/wp\/v2\/pages\/31059","targetHints":{"allow":["GET"]}}],"collection":[{"href":"https:\/\/www.asw24.de\/fr\/wp-json\/wp\/v2\/pages"}],"about":[{"href":"https:\/\/www.asw24.de\/fr\/wp-json\/wp\/v2\/types\/page"}],"author":[{"embeddable":true,"href":"https:\/\/www.asw24.de\/fr\/wp-json\/wp\/v2\/users\/1"}],"replies":[{"embeddable":true,"href":"https:\/\/www.asw24.de\/fr\/wp-json\/wp\/v2\/comments?post=31059"}],"version-history":[{"count":6,"href":"https:\/\/www.asw24.de\/fr\/wp-json\/wp\/v2\/pages\/31059\/revisions"}],"predecessor-version":[{"id":56380,"href":"https:\/\/www.asw24.de\/fr\/wp-json\/wp\/v2\/pages\/31059\/revisions\/56380"}],"wp:attachment":[{"href":"https:\/\/www.asw24.de\/fr\/wp-json\/wp\/v2\/media?parent=31059"}],"curies":[{"name":"wp","href":"https:\/\/api.w.org\/{rel}","templated":true}]}}